{"id":109,"date":"2012-08-11T14:49:46","date_gmt":"2012-08-11T12:49:46","guid":{"rendered":"http:\/\/kebab-sultan.com.pl\/?page_id=109"},"modified":"2025-12-13T11:59:41","modified_gmt":"2025-12-13T10:59:41","slug":"zestawy-kebab","status":"publish","type":"page","link":"http:\/\/kebab-sultan.com.pl\/index.php\/menu\/zestawy-kebab\/","title":{"rendered":"Zestawy Kebab"},"content":{"rendered":"<h2>Mi\u0119so do wyboru (kurczak, wo\u0142owina), sos do wyboru<\/h2>\n<h3>1. Zestaw Su\u0142tan <span style=\"color: #ff0000;\">32,00 z\u0142<\/span><\/h3>\n<p>frytki, mi\u0119so 200g, sur\u00f3wki, feta, oliwki, papryka chilli<\/p>\n<h3>2. Big Zestaw Su\u0142tan <span style=\"color: #ff0000;\">37,00 z\u0142<\/span><\/h3>\n<p>frytki, mi\u0119so 350g, sur\u00f3wki, feta, oliwki, papryka chilli<\/p>\n","protected":false},"excerpt":{"rendered":"<p>Mi\u0119so do wyboru (kurczak, wo\u0142owina), sos do wyboru 1. Zestaw Su\u0142tan 32,00 z\u0142 frytki, mi\u0119so 200g, sur\u00f3wki, feta, oliwki, papryka chilli 2. Big Zestaw Su\u0142tan 37,00 z\u0142 frytki, mi\u0119so 350g, sur\u00f3wki, feta, oliwki, papryka chilli<\/p>\n","protected":false},"author":1,"featured_media":0,"parent":7,"menu_order":2,"comment_status":"open","ping_status":"open","template":"","meta":[],"_links":{"self":[{"href":"http:\/\/kebab-sultan.com.pl\/index.php\/wp-json\/wp\/v2\/pages\/109"}],"collection":[{"href":"http:\/\/kebab-sultan.com.pl\/index.php\/wp-json\/wp\/v2\/pages"}],"about":[{"href":"http:\/\/kebab-sultan.com.pl\/index.php\/wp-json\/wp\/v2\/types\/page"}],"author":[{"embeddable":true,"href":"http:\/\/kebab-sultan.com.pl\/index.php\/wp-json\/wp\/v2\/users\/1"}],"replies":[{"embeddable":true,"href":"http:\/\/kebab-sultan.com.pl\/index.php\/wp-json\/wp\/v2\/comments?post=109"}],"version-history":[{"count":20,"href":"http:\/\/kebab-sultan.com.pl\/index.php\/wp-json\/wp\/v2\/pages\/109\/revisions"}],"predecessor-version":[{"id":543,"href":"http:\/\/kebab-sultan.com.pl\/index.php\/wp-json\/wp\/v2\/pages\/109\/revisions\/543"}],"up":[{"embeddable":true,"href":"http:\/\/kebab-sultan.com.pl\/index.php\/wp-json\/wp\/v2\/pages\/7"}],"wp:attachment":[{"href":"http:\/\/kebab-sultan.com.pl\/index.php\/wp-json\/wp\/v2\/media?parent=109"}],"curies":[{"name":"wp","href":"https:\/\/api.w.org\/{rel}","templated":true}]}}