{"id":115,"date":"2012-08-11T14:50:41","date_gmt":"2012-08-11T12:50:41","guid":{"rendered":"http:\/\/kebab-sultan.com.pl\/?page_id=115"},"modified":"2025-12-20T20:00:49","modified_gmt":"2025-12-20T19:00:49","slug":"fast-food","status":"publish","type":"page","link":"http:\/\/kebab-sultan.com.pl\/index.php\/menu\/fast-food\/","title":{"rendered":"Fast Food"},"content":{"rendered":"<h2>(Big Bu\u0142ka!!!)<\/h2>\n<h3>\u00a01. Hot &#8211; Dog <span style=\"color: #ff0000;\">11,00 z\u0142<\/span><\/h3>\n<h3>2. Hamburger <span style=\"color: #ff0000;\">17,00 z\u0142<\/span><\/h3>\n<h3>3. Cheeseburger <span style=\"color: #ff0000;\">21,00 z\u0142\u00a0<\/span><\/h3>\n<h3>4. Mega Hamburger (2 kotlety)\u00a0<span style=\"color: #ff0000;\">22,00 z\u0142<\/span><\/h3>\n<h3>5. Mega cheeseburger (2 kotlety) <span style=\"color: #ff0000;\">24,00 z\u0142<\/span><\/h3>\n<h3>6. Mega Jarska <span style=\"color: #ff0000;\">12,00 z\u0142<\/span><\/h3>\n<h3>7. Mega Chicken <span style=\"color: #ff0000;\">24,00 z\u0142<\/span><\/h3>\n<h3>8. Zapiekanka Big (pieczarki, cebula, ser) <span style=\"color: #ff0000;\">17,00 z\u0142<\/span><\/h3>\n<h3>9. Zapiekanka Big (kebab, pieczarki, cebula, ser) <span style=\"color: #ff0000;\">20,00 z\u0142<\/span><\/h3>\n<h3>10. Zapiekanka Big (szynka, pieczarki, cebula, ser)\u00a0<span style=\"color: #ff0000;\">20,00 z\u0142<\/span><\/h3>\n\n\n<p><\/p>\n","protected":false},"excerpt":{"rendered":"<p>(Big Bu\u0142ka!!!) \u00a01. Hot &#8211; Dog 11,00 z\u0142 2. Hamburger 17,00 z\u0142 3. Cheeseburger 21,00 z\u0142\u00a0 4. Mega Hamburger (2 kotlety)\u00a022,00 z\u0142 5. Mega cheeseburger (2 kotlety) 24,00 z\u0142 6. Mega Jarska 12,00 z\u0142 7. Mega Chicken 24,00 z\u0142 8. Zapiekanka Big (pieczarki, cebula, ser) 17,00 z\u0142 9. Zapiekanka Big (kebab, pieczarki, cebula, ser) 20,00 [&hellip;]<\/p>\n","protected":false},"author":1,"featured_media":0,"parent":7,"menu_order":5,"comment_status":"open","ping_status":"open","template":"","meta":[],"_links":{"self":[{"href":"http:\/\/kebab-sultan.com.pl\/index.php\/wp-json\/wp\/v2\/pages\/115"}],"collection":[{"href":"http:\/\/kebab-sultan.com.pl\/index.php\/wp-json\/wp\/v2\/pages"}],"about":[{"href":"http:\/\/kebab-sultan.com.pl\/index.php\/wp-json\/wp\/v2\/types\/page"}],"author":[{"embeddable":true,"href":"http:\/\/kebab-sultan.com.pl\/index.php\/wp-json\/wp\/v2\/users\/1"}],"replies":[{"embeddable":true,"href":"http:\/\/kebab-sultan.com.pl\/index.php\/wp-json\/wp\/v2\/comments?post=115"}],"version-history":[{"count":28,"href":"http:\/\/kebab-sultan.com.pl\/index.php\/wp-json\/wp\/v2\/pages\/115\/revisions"}],"predecessor-version":[{"id":552,"href":"http:\/\/kebab-sultan.com.pl\/index.php\/wp-json\/wp\/v2\/pages\/115\/revisions\/552"}],"up":[{"embeddable":true,"href":"http:\/\/kebab-sultan.com.pl\/index.php\/wp-json\/wp\/v2\/pages\/7"}],"wp:attachment":[{"href":"http:\/\/kebab-sultan.com.pl\/index.php\/wp-json\/wp\/v2\/media?parent=115"}],"curies":[{"name":"wp","href":"https:\/\/api.w.org\/{rel}","templated":true}]}}