{"id":119,"date":"2012-08-11T14:51:12","date_gmt":"2012-08-11T12:51:12","guid":{"rendered":"http:\/\/kebab-sultan.com.pl\/?page_id=119"},"modified":"2026-01-20T17:30:55","modified_gmt":"2026-01-20T16:30:55","slug":"zupy","status":"publish","type":"page","link":"http:\/\/kebab-sultan.com.pl\/index.php\/menu\/zupy\/","title":{"rendered":"Zupy"},"content":{"rendered":"<h3>1. Flaki w rosole <span style=\"color: #ff0000;\">15,00z\u0142<\/span><\/h3>\n<h3>2. \u017burek <span style=\"color: #ff0000;\">15,00 z\u0142<\/span><\/h3>\n<h3>3. Barszcz z ko\u0142dunami <span style=\"color: #ff0000;\">14,00 z\u0142<\/span><\/h3>\n","protected":false},"excerpt":{"rendered":"<p>1. Flaki w rosole 15,00z\u0142 2. \u017burek 15,00 z\u0142 3. Barszcz z ko\u0142dunami 14,00 z\u0142<\/p>\n","protected":false},"author":1,"featured_media":0,"parent":7,"menu_order":10,"comment_status":"open","ping_status":"open","template":"","meta":[],"_links":{"self":[{"href":"http:\/\/kebab-sultan.com.pl\/index.php\/wp-json\/wp\/v2\/pages\/119"}],"collection":[{"href":"http:\/\/kebab-sultan.com.pl\/index.php\/wp-json\/wp\/v2\/pages"}],"about":[{"href":"http:\/\/kebab-sultan.com.pl\/index.php\/wp-json\/wp\/v2\/types\/page"}],"author":[{"embeddable":true,"href":"http:\/\/kebab-sultan.com.pl\/index.php\/wp-json\/wp\/v2\/users\/1"}],"replies":[{"embeddable":true,"href":"http:\/\/kebab-sultan.com.pl\/index.php\/wp-json\/wp\/v2\/comments?post=119"}],"version-history":[{"count":17,"href":"http:\/\/kebab-sultan.com.pl\/index.php\/wp-json\/wp\/v2\/pages\/119\/revisions"}],"predecessor-version":[{"id":498,"href":"http:\/\/kebab-sultan.com.pl\/index.php\/wp-json\/wp\/v2\/pages\/119\/revisions\/498"}],"up":[{"embeddable":true,"href":"http:\/\/kebab-sultan.com.pl\/index.php\/wp-json\/wp\/v2\/pages\/7"}],"wp:attachment":[{"href":"http:\/\/kebab-sultan.com.pl\/index.php\/wp-json\/wp\/v2\/media?parent=119"}],"curies":[{"name":"wp","href":"https:\/\/api.w.org\/{rel}","templated":true}]}}