{"id":125,"date":"2012-08-11T14:52:01","date_gmt":"2012-08-11T12:52:01","guid":{"rendered":"http:\/\/kebab-sultan.com.pl\/?page_id=125"},"modified":"2024-11-03T15:57:47","modified_gmt":"2024-11-03T14:57:47","slug":"salatki","status":"publish","type":"page","link":"http:\/\/kebab-sultan.com.pl\/index.php\/menu\/salatki\/","title":{"rendered":"Sa\u0142atki"},"content":{"rendered":"<h2>550 ml do ka\u017cdej sa\u0142atki pieczywo<\/h2>\n<h3><span style=\"font-size: 1.17em;\">1. Grecka <\/span><span style=\"color: #ff0000;\">21,00 z\u0142<\/span><\/h3>\n<p>feta, kapusta, og\u00f3rek, pomidor, oliwki, cebula, sos vinegret<\/p>\n<h3><span style=\"font-size: 1.17em;\">2. Ch\u0142opska\u00a0<\/span><span style=\"color: #ff0000;\">25,00 z\u0142<\/span><\/h3>\n<p>kapusta peki\u0144ska, szynka, boczek, cebula, jajko, og\u00f3rek konserwowy, groszek, sos do wyboru<\/p>\n<h3><span style=\"font-size: 1.17em;\">3. Wegetaria\u0144ska <\/span><span style=\"color: #ff0000;\">20,00 z\u0142<\/span><\/h3>\n<p>kapusta peki\u0144ska, pomidor, og\u00f3rek, jajko, oliwki, papryka, sos do wyboru<\/p>\n<h3><span style=\"font-size: 1.17em;\">4. Firmowa <\/span><span style=\"color: #ff0000;\">25,00 z\u0142<\/span><\/h3>\n<p>kapusta peki\u0144ska, kapusta czerwona, kebab, pomidor, og\u00f3rek, sos do wyboru<\/p>\n<h3><span style=\"font-size: 1.17em;\">5. Tu\u0144czyk <\/span><span style=\"color: #ff0000;\">28,00 z\u0142<\/span><\/h3>\n<p>kapusta peki\u0144ska, tu\u0144czyk, papryka czerwona, jajko, cebula, oliwki, sos do wyboru<\/p>\n","protected":false},"excerpt":{"rendered":"<p>550 ml do ka\u017cdej sa\u0142atki pieczywo 1. Grecka 21,00 z\u0142 feta, kapusta, og\u00f3rek, pomidor, oliwki, cebula, sos vinegret 2. Ch\u0142opska\u00a025,00 z\u0142 kapusta peki\u0144ska, szynka, boczek, cebula, jajko, og\u00f3rek konserwowy, groszek, sos do wyboru 3. Wegetaria\u0144ska 20,00 z\u0142 kapusta peki\u0144ska, pomidor, og\u00f3rek, jajko, oliwki, papryka, sos do wyboru 4. Firmowa 25,00 z\u0142 kapusta peki\u0144ska, kapusta czerwona, [&hellip;]<\/p>\n","protected":false},"author":1,"featured_media":0,"parent":7,"menu_order":9,"comment_status":"open","ping_status":"open","template":"","meta":[],"_links":{"self":[{"href":"http:\/\/kebab-sultan.com.pl\/index.php\/wp-json\/wp\/v2\/pages\/125"}],"collection":[{"href":"http:\/\/kebab-sultan.com.pl\/index.php\/wp-json\/wp\/v2\/pages"}],"about":[{"href":"http:\/\/kebab-sultan.com.pl\/index.php\/wp-json\/wp\/v2\/types\/page"}],"author":[{"embeddable":true,"href":"http:\/\/kebab-sultan.com.pl\/index.php\/wp-json\/wp\/v2\/users\/1"}],"replies":[{"embeddable":true,"href":"http:\/\/kebab-sultan.com.pl\/index.php\/wp-json\/wp\/v2\/comments?post=125"}],"version-history":[{"count":20,"href":"http:\/\/kebab-sultan.com.pl\/index.php\/wp-json\/wp\/v2\/pages\/125\/revisions"}],"predecessor-version":[{"id":528,"href":"http:\/\/kebab-sultan.com.pl\/index.php\/wp-json\/wp\/v2\/pages\/125\/revisions\/528"}],"up":[{"embeddable":true,"href":"http:\/\/kebab-sultan.com.pl\/index.php\/wp-json\/wp\/v2\/pages\/7"}],"wp:attachment":[{"href":"http:\/\/kebab-sultan.com.pl\/index.php\/wp-json\/wp\/v2\/media?parent=125"}],"curies":[{"name":"wp","href":"https:\/\/api.w.org\/{rel}","templated":true}]}}