{"id":517,"date":"2024-07-14T10:35:08","date_gmt":"2024-07-14T08:35:08","guid":{"rendered":"http:\/\/kebab-sultan.com.pl\/?page_id=517"},"modified":"2024-07-14T10:37:48","modified_gmt":"2024-07-14T08:37:48","slug":"pizza-2","status":"publish","type":"page","link":"http:\/\/kebab-sultan.com.pl\/index.php\/menu\/pizza-2\/","title":{"rendered":"Pizza"},"content":{"rendered":"\n<h3>1. MARGHERITA 25,00 z\u0142<\/h3>\n\n\n\n<p>sos pomidorowy, zio\u0142a, ser mozzarella<\/p>\n\n\n\n<h3>2. CAPRICCIOSA 28,00 z\u0142<\/h3>\n\n\n\n<p>sos pomidorowy, zio\u0142a, ser mozzarella, szynka, pieczarki<\/p>\n\n\n\n<h3>3. SALAMI 28,00 z\u0142<\/h3>\n\n\n\n<p>sos pomidorowy, zio\u0142a, ser mozzarella, salami<\/p>\n\n\n\n<h3>4. HAWAJSKA 28,00 z\u0142<\/h3>\n\n\n\n<p>sos pomidorowy, zio\u0142a, ser mozzarella, szynka, ananas<\/p>\n\n\n\n<h3>5. FIRMOWA SU\u0141TAN KEBAB 28,00 z\u0142<\/h3>\n\n\n\n<pre class=\"wp-block-verse\">sos pomidorowy, zio\u0142a, ser mozzarella, mi\u0119so, kebab<\/pre>\n\n\n\n<h3>6. CARBONARA 28,00 z\u0142<\/h3>\n\n\n\n<p>sos \u015bmietanowy, boczek, cebula, ser mozzarella<\/p>\n\n\n\n<h3>W CENIE PIZZY 1 sos<\/h3>\n\n\n\n<pre class=\"wp-block-verse\">dodatki warzywne, serowe - 3z\u0142\/ dodatkowe mi\u0119so - 5z\u0142<\/pre>\n","protected":false},"excerpt":{"rendered":"<p>1. MARGHERITA 25,00 z\u0142 sos pomidorowy, zio\u0142a, ser mozzarella 2. CAPRICCIOSA 28,00 z\u0142 sos pomidorowy, zio\u0142a, ser mozzarella, szynka, pieczarki 3. SALAMI 28,00 z\u0142 sos pomidorowy, zio\u0142a, ser mozzarella, salami 4. HAWAJSKA 28,00 z\u0142 sos pomidorowy, zio\u0142a, ser mozzarella, szynka, ananas 5. FIRMOWA SU\u0141TAN KEBAB 28,00 z\u0142 sos pomidorowy, zio\u0142a, ser mozzarella, mi\u0119so, kebab 6. [&hellip;]<\/p>\n","protected":false},"author":1,"featured_media":0,"parent":7,"menu_order":17,"comment_status":"closed","ping_status":"closed","template":"","meta":[],"_links":{"self":[{"href":"http:\/\/kebab-sultan.com.pl\/index.php\/wp-json\/wp\/v2\/pages\/517"}],"collection":[{"href":"http:\/\/kebab-sultan.com.pl\/index.php\/wp-json\/wp\/v2\/pages"}],"about":[{"href":"http:\/\/kebab-sultan.com.pl\/index.php\/wp-json\/wp\/v2\/types\/page"}],"author":[{"embeddable":true,"href":"http:\/\/kebab-sultan.com.pl\/index.php\/wp-json\/wp\/v2\/users\/1"}],"replies":[{"embeddable":true,"href":"http:\/\/kebab-sultan.com.pl\/index.php\/wp-json\/wp\/v2\/comments?post=517"}],"version-history":[{"count":4,"href":"http:\/\/kebab-sultan.com.pl\/index.php\/wp-json\/wp\/v2\/pages\/517\/revisions"}],"predecessor-version":[{"id":523,"href":"http:\/\/kebab-sultan.com.pl\/index.php\/wp-json\/wp\/v2\/pages\/517\/revisions\/523"}],"up":[{"embeddable":true,"href":"http:\/\/kebab-sultan.com.pl\/index.php\/wp-json\/wp\/v2\/pages\/7"}],"wp:attachment":[{"href":"http:\/\/kebab-sultan.com.pl\/index.php\/wp-json\/wp\/v2\/media?parent=517"}],"curies":[{"name":"wp","href":"https:\/\/api.w.org\/{rel}","templated":true}]}}