{"id":7,"date":"2012-07-16T14:35:20","date_gmt":"2012-07-16T12:35:20","guid":{"rendered":"http:\/\/kebab-sultan.com.pl\/\/?page_id=7"},"modified":"2012-08-21T14:14:08","modified_gmt":"2012-08-21T12:14:08","slug":"menu","status":"publish","type":"page","link":"http:\/\/kebab-sultan.com.pl\/index.php\/menu\/","title":{"rendered":"Menu"},"content":{"rendered":"<p><a href=\"http:\/\/kebab-sultan.com.pl\/?page_id=107\">Kebaby Su\u0142tana<\/a><br \/>\n<a href=\"http:\/\/kebab-sultan.com.pl\/?page_id=109\">Zestawy Kebab<\/a><br \/>\n<a href=\"http:\/\/kebab-sultan.com.pl\/?page_id=111\">Rollo Su\u0142tana<\/a><br \/>\n<a href=\"http:\/\/kebab-sultan.com.pl\/?page_id=113\">Pizza<\/a><br \/>\n<a href=\"http:\/\/kebab-sultan.com.pl\/?page_id=115\">Fast Food<\/a><br \/>\n<a href=\"http:\/\/kebab-sultan.com.pl\/?page_id=117\">Makarony<\/a><br \/>\n<a href=\"http:\/\/kebab-sultan.com.pl\/?page_id=119\">Zupy<\/a><br \/>\n<a href=\"http:\/\/kebab-sultan.com.pl\/?page_id=121\">Ryby<\/a><br \/>\n<a href=\"http:\/\/kebab-sultan.com.pl\/?page_id=123\">Dania Obiadowe<\/a><br \/>\n<a href=\"http:\/\/kebab-sultan.com.pl\/?page_id=125\">Sa\u0142atki<\/a><br \/>\n<a href=\"http:\/\/kebab-sultan.com.pl\/?page_id=127\">Desery<\/a><br \/>\n<a href=\"http:\/\/kebab-sultan.com.pl\/?page_id=129\">Nale\u015bniki<\/a><br \/>\n<a href=\"http:\/\/kebab-sultan.com.pl\/?page_id=131\">Dodatki<\/a><br \/>\n<a href=\"http:\/\/kebab-sultan.com.pl\/?page_id=164\">Sosy<\/a><br \/>\n<a href=\"http:\/\/kebab-sultan.com.pl\/?page_id=166\">Napoje<\/a><\/p>\n","protected":false},"excerpt":{"rendered":"<p>Kebaby Su\u0142tana Zestawy Kebab Rollo Su\u0142tana Pizza Fast Food Makarony Zupy Ryby Dania Obiadowe Sa\u0142atki Desery Nale\u015bniki Dodatki Sosy Napoje<\/p>\n","protected":false},"author":1,"featured_media":0,"parent":0,"menu_order":2,"comment_status":"open","ping_status":"open","template":"","meta":[],"_links":{"self":[{"href":"http:\/\/kebab-sultan.com.pl\/index.php\/wp-json\/wp\/v2\/pages\/7"}],"collection":[{"href":"http:\/\/kebab-sultan.com.pl\/index.php\/wp-json\/wp\/v2\/pages"}],"about":[{"href":"http:\/\/kebab-sultan.com.pl\/index.php\/wp-json\/wp\/v2\/types\/page"}],"author":[{"embeddable":true,"href":"http:\/\/kebab-sultan.com.pl\/index.php\/wp-json\/wp\/v2\/users\/1"}],"replies":[{"embeddable":true,"href":"http:\/\/kebab-sultan.com.pl\/index.php\/wp-json\/wp\/v2\/comments?post=7"}],"version-history":[{"count":59,"href":"http:\/\/kebab-sultan.com.pl\/index.php\/wp-json\/wp\/v2\/pages\/7\/revisions"}],"predecessor-version":[{"id":34,"href":"http:\/\/kebab-sultan.com.pl\/index.php\/wp-json\/wp\/v2\/pages\/7\/revisions\/34"}],"wp:attachment":[{"href":"http:\/\/kebab-sultan.com.pl\/index.php\/wp-json\/wp\/v2\/media?parent=7"}],"curies":[{"name":"wp","href":"https:\/\/api.w.org\/{rel}","templated":true}]}}